{"id":1502,"date":"2023-06-16T10:38:26","date_gmt":"2023-06-16T10:38:26","guid":{"rendered":"http:\/\/miradouroalfazina.com\/?page_id=1502"},"modified":"2023-06-16T10:43:04","modified_gmt":"2023-06-16T10:43:04","slug":"avaliacao-de-desempenho-docente","status":"publish","type":"page","link":"https:\/\/miradouroalfazina.com\/index.php\/avaliacao-de-desempenho-docente\/","title":{"rendered":"Avalia\u00e7\u00e3o de Desempenho Docente"},"content":{"rendered":"\n<div class=\"wp-block-file\"><a href=\"https:\/\/miradouroalfazina.com\/wp-content\/uploads\/2023\/06\/Doc-Reclamacao_ADD.pdf\">Doc-Reclamacao_ADD<\/a><a href=\"https:\/\/miradouroalfazina.com\/wp-content\/uploads\/2023\/06\/Doc-Reclamacao_ADD.pdf\" class=\"wp-block-file__button\" download>Descarregar<\/a><\/div>\n\n\n\n<div class=\"wp-block-file\"><a href=\"https:\/\/miradouroalfazina.com\/wp-content\/uploads\/2023\/06\/R_1_Requerimento_de_avaliacao_pelo_regime_geral-1.pdf\">Requerimento_de_avaliacao_pelo_regime_geral-1<\/a><a href=\"https:\/\/miradouroalfazina.com\/wp-content\/uploads\/2023\/06\/R_1_Requerimento_de_avaliacao_pelo_regime_geral-1.pdf\" class=\"wp-block-file__button\" download>Descarregar<\/a><\/div>\n\n\n\n<div class=\"wp-block-file\"><a href=\"https:\/\/miradouroalfazina.com\/wp-content\/uploads\/2023\/06\/1-Calendariza\u00e7\u00e3o_processo_aval.-22_23.pdf\">Calendariza\u00e7\u00e3o_processo_aval.-22_23<\/a><a href=\"https:\/\/miradouroalfazina.com\/wp-content\/uploads\/2023\/06\/1-Calendariza\u00e7\u00e3o_processo_aval.-22_23.pdf\" class=\"wp-block-file__button\" download>Descarregar<\/a><\/div>\n\n\n\n<div class=\"wp-block-file\"><a href=\"https:\/\/miradouroalfazina.com\/wp-content\/uploads\/2023\/06\/decretolei-n\u00ba41.pdf\">decretolei-n\u00ba41<\/a><a href=\"https:\/\/miradouroalfazina.com\/wp-content\/uploads\/2023\/06\/decretolei-n\u00ba41.pdf\" class=\"wp-block-file__button\" download>Descarregar<\/a><\/div>\n\n\n\n<div class=\"wp-block-file\"><a href=\"https:\/\/miradouroalfazina.com\/wp-content\/uploads\/2023\/06\/Microsoft-Word-Coordenadores-de-Departamento-2022-2023.pdf\">Coordenadores-de-Departamento-2022-2023<\/a><a href=\"https:\/\/miradouroalfazina.com\/wp-content\/uploads\/2023\/06\/Microsoft-Word-Coordenadores-de-Departamento-2022-2023.pdf\" class=\"wp-block-file__button\" download>Descarregar<\/a><\/div>\n\n\n\n<div class=\"wp-block-file\"><a href=\"https:\/\/miradouroalfazina.com\/wp-content\/uploads\/2023\/06\/05-D_12567_2012-Percentis.pdf\"><strong>Despacho n.o 12567\/2012<\/strong><\/a><a href=\"https:\/\/miradouroalfazina.com\/wp-content\/uploads\/2023\/06\/05-D_12567_2012-Percentis.pdf\" class=\"wp-block-file__button\" download>Descarregar<\/a><\/div>\n\n\n\n<div class=\"wp-block-file\"><a href=\"https:\/\/miradouroalfazina.com\/wp-content\/uploads\/2023\/06\/ADD-DR_26_2012_21Fev.pdf\"><strong>Decreto Regulamentar n.o 26\/2012<\/strong><\/a><a href=\"https:\/\/miradouroalfazina.com\/wp-content\/uploads\/2023\/06\/ADD-DR_26_2012_21Fev.pdf\" class=\"wp-block-file__button\" download>Descarregar<\/a><\/div>\n\n\n\n<div class=\"wp-block-file\"><a href=\"https:\/\/miradouroalfazina.com\/wp-content\/uploads\/2023\/06\/Nota-Informativa-ADD-e-Forma\u00e7\u00e3o.pdf\">Nota-Informativa-ADD-e-Forma\u00e7\u00e3o<\/a><a href=\"https:\/\/miradouroalfazina.com\/wp-content\/uploads\/2023\/06\/Nota-Informativa-ADD-e-Forma\u00e7\u00e3o.pdf\" class=\"wp-block-file__button\" download>Descarregar<\/a><\/div>\n\n\n\n<div class=\"wp-block-file\"><a href=\"https:\/\/miradouroalfazina.com\/wp-content\/uploads\/2023\/06\/desp-norm-24_2012_aval.-externa.pdf\"><strong>Despacho normativo n.o 24\/2012<\/strong><\/a><a href=\"https:\/\/miradouroalfazina.com\/wp-content\/uploads\/2023\/06\/desp-norm-24_2012_aval.-externa.pdf\" class=\"wp-block-file__button\" download>Descarregar<\/a><\/div>\n\n\n\n<div class=\"wp-block-file\"><a href=\"https:\/\/miradouroalfazina.com\/wp-content\/uploads\/2023\/06\/0-Composi\u00e7\u00e3o-da-SADD_A-PUBLICAR.pdf\">Composi\u00e7\u00e3o-da-SADD<\/a><a href=\"https:\/\/miradouroalfazina.com\/wp-content\/uploads\/2023\/06\/0-Composi\u00e7\u00e3o-da-SADD_A-PUBLICAR.pdf\" class=\"wp-block-file__button\" download>Descarregar<\/a><\/div>\n\n\n\n<div class=\"wp-block-file\"><a href=\"https:\/\/miradouroalfazina.com\/wp-content\/uploads\/2023\/06\/Relat\u00f3rio-de-auto-avalia\u00e7\u00e3o-2023.pdf\">Relat\u00f3rio-de-auto-avalia\u00e7\u00e3o-2023<\/a><a href=\"https:\/\/miradouroalfazina.com\/wp-content\/uploads\/2023\/06\/Relat\u00f3rio-de-auto-avalia\u00e7\u00e3o-2023.pdf\" class=\"wp-block-file__button\" download>Descarregar<\/a><\/div>\n","protected":false},"excerpt":{"rendered":"","protected":false},"author":1,"featured_media":0,"parent":0,"menu_order":0,"comment_status":"closed","ping_status":"closed","template":"","meta":{"footnotes":""},"class_list":["post-1502","page","type-page","status-publish","hentry"],"_links":{"self":[{"href":"https:\/\/miradouroalfazina.com\/index.php\/wp-json\/wp\/v2\/pages\/1502","targetHints":{"allow":["GET"]}}],"collection":[{"href":"https:\/\/miradouroalfazina.com\/index.php\/wp-json\/wp\/v2\/pages"}],"about":[{"href":"https:\/\/miradouroalfazina.com\/index.php\/wp-json\/wp\/v2\/types\/page"}],"author":[{"embeddable":true,"href":"https:\/\/miradouroalfazina.com\/index.php\/wp-json\/wp\/v2\/users\/1"}],"replies":[{"embeddable":true,"href":"https:\/\/miradouroalfazina.com\/index.php\/wp-json\/wp\/v2\/comments?post=1502"}],"version-history":[{"count":2,"href":"https:\/\/miradouroalfazina.com\/index.php\/wp-json\/wp\/v2\/pages\/1502\/revisions"}],"predecessor-version":[{"id":1505,"href":"https:\/\/miradouroalfazina.com\/index.php\/wp-json\/wp\/v2\/pages\/1502\/revisions\/1505"}],"wp:attachment":[{"href":"https:\/\/miradouroalfazina.com\/index.php\/wp-json\/wp\/v2\/media?parent=1502"}],"curies":[{"name":"wp","href":"https:\/\/api.w.org\/{rel}","templated":true}]}}