{"id":1753,"date":"2025-06-06T15:14:53","date_gmt":"2025-06-06T15:14:53","guid":{"rendered":"http:\/\/miradouroalfazina.com\/?page_id=1753"},"modified":"2025-06-08T22:54:52","modified_gmt":"2025-06-08T22:54:52","slug":"provas","status":"publish","type":"page","link":"https:\/\/miradouroalfazina.com\/index.php\/provas\/","title":{"rendered":"Provas"},"content":{"rendered":"\n<div class=\"wp-block-file\"><a href=\"https:\/\/miradouroalfazina.com\/wp-content\/uploads\/2025\/06\/Calend\u00e1rio_PEF_2025.pdf\">Calend\u00e1rio_PEF_2025<\/a><a href=\"https:\/\/miradouroalfazina.com\/wp-content\/uploads\/2025\/06\/Calend\u00e1rio_PEF_2025.pdf\" class=\"wp-block-file__button\" download>Descarregar<\/a><\/div>\n\n\n\n<p><strong>INFORMA\u00c7\u00c3O DE PROVA<\/strong><\/p>\n\n\n\n<hr class=\"wp-block-separator\"\/>\n\n\n\n<p><strong>1\u00baCICLO<\/strong><\/p>\n\n\n\n<div class=\"wp-block-file\"><a href=\"https:\/\/miradouroalfazina.com\/wp-content\/uploads\/2025\/06\/Inf_Prova_PEF_Cidadania-e-Desenvolvimento.pdf\">Inf_Prova_PEF_Cidadania-e-Desenvolvimento<\/a><a href=\"https:\/\/miradouroalfazina.com\/wp-content\/uploads\/2025\/06\/Inf_Prova_PEF_Cidadania-e-Desenvolvimento.pdf\" class=\"wp-block-file__button\" download>Descarregar<\/a><\/div>\n\n\n\n<div class=\"wp-block-file\"><a href=\"https:\/\/miradouroalfazina.com\/wp-content\/uploads\/2025\/06\/Inf_Prova_PEF_Educa\u00e7\u00e3o-F\u00edsica.pdf\">Inf_Prova_PEF_Educa\u00e7\u00e3o-F\u00edsica<\/a><a href=\"https:\/\/miradouroalfazina.com\/wp-content\/uploads\/2025\/06\/Inf_Prova_PEF_Educa\u00e7\u00e3o-F\u00edsica.pdf\" class=\"wp-block-file__button\" download>Descarregar<\/a><\/div>\n\n\n\n<div class=\"wp-block-file\"><a href=\"https:\/\/miradouroalfazina.com\/wp-content\/uploads\/2025\/06\/Inf_Prova_PEF_Estudo-do-Meio.pdf\">Inf_Prova_PEF_Estudo-do-Meio<\/a><a href=\"https:\/\/miradouroalfazina.com\/wp-content\/uploads\/2025\/06\/Inf_Prova_PEF_Estudo-do-Meio.pdf\" class=\"wp-block-file__button\" download>Descarregar<\/a><\/div>\n\n\n\n<div class=\"wp-block-file\"><a href=\"https:\/\/miradouroalfazina.com\/wp-content\/uploads\/2025\/06\/Inf_Prova_PEF_Ingl\u00eas-Oral.pdf\">Inf_Prova_PEF_Ingl\u00eas-Oral<\/a><a href=\"https:\/\/miradouroalfazina.com\/wp-content\/uploads\/2025\/06\/Inf_Prova_PEF_Ingl\u00eas-Oral.pdf\" class=\"wp-block-file__button\" download>Descarregar<\/a><\/div>\n\n\n\n<div class=\"wp-block-file\"><a href=\"https:\/\/miradouroalfazina.com\/wp-content\/uploads\/2025\/06\/Inf_Prova_PEF_Matem\u00e1tica.pdf\">Inf_Prova_PEF_Matem\u00e1tica<\/a><a href=\"https:\/\/miradouroalfazina.com\/wp-content\/uploads\/2025\/06\/Inf_Prova_PEF_Matem\u00e1tica.pdf\" class=\"wp-block-file__button\" download>Descarregar<\/a><\/div>\n\n\n\n<div class=\"wp-block-file\"><a href=\"https:\/\/miradouroalfazina.com\/wp-content\/uploads\/2025\/06\/Inf_Prova_PEF_Portugu\u00eas-Oral.pdf\">Inf_Prova_PEF_Portugu\u00eas-Oral<\/a><a href=\"https:\/\/miradouroalfazina.com\/wp-content\/uploads\/2025\/06\/Inf_Prova_PEF_Portugu\u00eas-Oral.pdf\" class=\"wp-block-file__button\" download>Descarregar<\/a><\/div>\n\n\n\n<div class=\"wp-block-file\"><a href=\"https:\/\/miradouroalfazina.com\/wp-content\/uploads\/2025\/06\/INF_Prova_PEF_Portugu\u00eas.pdf\">INF_Prova_PEF_Portugu\u00eas<\/a><a href=\"https:\/\/miradouroalfazina.com\/wp-content\/uploads\/2025\/06\/INF_Prova_PEF_Portugu\u00eas.pdf\" class=\"wp-block-file__button\" download>Descarregar<\/a><\/div>\n\n\n\n<div class=\"wp-block-file\"><a href=\"https:\/\/miradouroalfazina.com\/wp-content\/uploads\/2025\/06\/PEF_Educa\u00e7\u00e3o-Art\u00edstica.pdf\">PEF_Educa\u00e7\u00e3o-Art\u00edstica<\/a><a href=\"https:\/\/miradouroalfazina.com\/wp-content\/uploads\/2025\/06\/PEF_Educa\u00e7\u00e3o-Art\u00edstica.pdf\" class=\"wp-block-file__button\" download>Descarregar<\/a><\/div>\n\n\n\n<hr class=\"wp-block-separator\"\/>\n\n\n\n<p><strong>DEPARTAMENTO DE CI\u00caNCIAS SOCIAIS E HUMANAS<\/strong><\/p>\n\n\n\n<div class=\"wp-block-file\"><a href=\"https:\/\/miradouroalfazina.com\/wp-content\/uploads\/2025\/06\/HIST\u00d3RIA-Informa\u00e7\u00e3o_PEF_2025.pdf\">HIST\u00d3RIA-Informa\u00e7\u00e3o_PEF_2025<\/a><a href=\"https:\/\/miradouroalfazina.com\/wp-content\/uploads\/2025\/06\/HIST\u00d3RIA-Informa\u00e7\u00e3o_PEF_2025.pdf\" class=\"wp-block-file__button\" download>Descarregar<\/a><\/div>\n\n\n\n<div class=\"wp-block-file\"><a href=\"blob:https:\/\/miradouroalfazina.com\/a7cbc1ca-1420-4ced-9397-29bf3cf4d2d6\" class=\"wp-block-file__button\" download>Descarregar<\/a><\/div>\n\n\n\n<div class=\"wp-block-file\"><a href=\"https:\/\/miradouroalfazina.com\/wp-content\/uploads\/2025\/06\/INFORMA\u00c7\u00c3O-PEF-_CIDADANIA_3\u00ba-CICLO.pdf\">INFORMA\u00c7\u00c3O-PEF-_CIDADANIA_3\u00ba-CICLO<\/a><a href=\"https:\/\/miradouroalfazina.com\/wp-content\/uploads\/2025\/06\/INFORMA\u00c7\u00c3O-PEF-_CIDADANIA_3\u00ba-CICLO.pdf\" class=\"wp-block-file__button\" download>Descarregar<\/a><\/div>\n\n\n\n<div class=\"wp-block-file\"><a href=\"https:\/\/miradouroalfazina.com\/wp-content\/uploads\/2025\/06\/Informa\u00e7\u00e3o_PEF_HGP_2025.pdf\">Informa\u00e7\u00e3o_PEF_HGP_2025<\/a><a href=\"https:\/\/miradouroalfazina.com\/wp-content\/uploads\/2025\/06\/Informa\u00e7\u00e3o_PEF_HGP_2025.pdf\" class=\"wp-block-file__button\" download>Descarregar<\/a><\/div>\n\n\n\n<hr class=\"wp-block-separator\"\/>\n\n\n\n<p><strong>DEPARTAMENTO DE LINGUAS<\/strong><\/p>\n\n\n\n<div class=\"wp-block-file\"><a href=\"https:\/\/miradouroalfazina.com\/wp-content\/uploads\/2025\/06\/Informa\u00e7\u00e3o_PEF_2025_escrita.docx.pdf\">Informa\u00e7\u00e3o_PEF_2025_escrita.docx<\/a><a href=\"https:\/\/miradouroalfazina.com\/wp-content\/uploads\/2025\/06\/Informa\u00e7\u00e3o_PEF_2025_escrita.docx.pdf\" class=\"wp-block-file__button\" download>Descarregar<\/a><\/div>\n\n\n\n<div class=\"wp-block-file\"><a href=\"https:\/\/miradouroalfazina.com\/wp-content\/uploads\/2025\/06\/Informa\u00e7\u00e3o_PEF_2025_oral_-Ingl\u00eas_-3\u00baciclo.docx.pdf\">Informa\u00e7\u00e3o_PEF_2025_oral_-Ingl\u00eas_-3\u00baciclo.docx<\/a><a href=\"https:\/\/miradouroalfazina.com\/wp-content\/uploads\/2025\/06\/Informa\u00e7\u00e3o_PEF_2025_oral_-Ingl\u00eas_-3\u00baciclo.docx.pdf\" class=\"wp-block-file__button\" download>Descarregar<\/a><\/div>\n\n\n\n<div class=\"wp-block-file\"><a href=\"https:\/\/miradouroalfazina.com\/wp-content\/uploads\/2025\/06\/Modelo_Informa\u00e7\u00e3o_PEF_2C_Ing_2025.pdf\">Modelo_Informa\u00e7\u00e3o_PEF_2C_Ing_2025<\/a><a href=\"https:\/\/miradouroalfazina.com\/wp-content\/uploads\/2025\/06\/Modelo_Informa\u00e7\u00e3o_PEF_2C_Ing_2025.pdf\" class=\"wp-block-file__button\" download>Descarregar<\/a><\/div>\n\n\n\n<div class=\"wp-block-file\"><a href=\"https:\/\/miradouroalfazina.com\/wp-content\/uploads\/2025\/06\/Informa\u00e7\u00e3o_PEF_PLNM_2024.pdf\">Informa\u00e7\u00e3o_PEF_PLNM_2024<\/a><a href=\"https:\/\/miradouroalfazina.com\/wp-content\/uploads\/2025\/06\/Informa\u00e7\u00e3o_PEF_PLNM_2024.pdf\" class=\"wp-block-file__button\" download>Descarregar<\/a><\/div>\n\n\n\n<div class=\"wp-block-file\"><a href=\"https:\/\/miradouroalfazina.com\/wp-content\/uploads\/2025\/06\/Modelo_Informa\u00e7\u00e3o_PEF_3\u00baC_portugu\u00eas_oral.pdf\">Modelo_Informa\u00e7\u00e3o_PEF_3\u00baC_portugu\u00eas_oral<\/a><a href=\"https:\/\/miradouroalfazina.com\/wp-content\/uploads\/2025\/06\/Modelo_Informa\u00e7\u00e3o_PEF_3\u00baC_portugu\u00eas_oral.pdf\" class=\"wp-block-file__button\" download>Descarregar<\/a><\/div>\n\n\n\n<div class=\"wp-block-file\"><a href=\"https:\/\/miradouroalfazina.com\/wp-content\/uploads\/2025\/06\/Modelo_Informa\u00e7\u00e3o_PEF_Port_2\u00ba_2025.pdf\">Modelo_Informa\u00e7\u00e3o_PEF_Port_2\u00ba_2025<\/a><a href=\"https:\/\/miradouroalfazina.com\/wp-content\/uploads\/2025\/06\/Modelo_Informa\u00e7\u00e3o_PEF_Port_2\u00ba_2025.pdf\" class=\"wp-block-file__button\" download>Descarregar<\/a><\/div>\n\n\n\n<div class=\"wp-block-file\"><a href=\"https:\/\/miradouroalfazina.com\/wp-content\/uploads\/2025\/06\/Modelo_Informa\u00e7\u00e3o_PEF_portugu\u00eas_3\u00baC_oral_2024.pdf\">Modelo_Informa\u00e7\u00e3o_PEF_portugu\u00eas_3\u00baC_oral_2024<\/a><a href=\"https:\/\/miradouroalfazina.com\/wp-content\/uploads\/2025\/06\/Modelo_Informa\u00e7\u00e3o_PEF_portugu\u00eas_3\u00baC_oral_2024.pdf\" class=\"wp-block-file__button\" download>Descarregar<\/a><\/div>\n\n\n\n<div class=\"wp-block-file\"><a href=\"https:\/\/miradouroalfazina.com\/wp-content\/uploads\/2025\/06\/Modelo_Informa\u00e7\u00e3o_prova_portugu\u00eas-a-n\u00edvel-de-escola_2025.pdf\">Modelo_Informa\u00e7\u00e3o_prova_portugu\u00eas-a-n\u00edvel-de-escola_2025<\/a><a href=\"https:\/\/miradouroalfazina.com\/wp-content\/uploads\/2025\/06\/Modelo_Informa\u00e7\u00e3o_prova_portugu\u00eas-a-n\u00edvel-de-escola_2025.pdf\" class=\"wp-block-file__button\" download>Descarregar<\/a><\/div>\n\n\n\n<div class=\"wp-block-file\"><a href=\"https:\/\/miradouroalfazina.com\/wp-content\/uploads\/2025\/06\/Informa\u00e7\u00e3o_PEF_2025_Franc\u00eas_oral.pdf\">Informa\u00e7\u00e3o_PEF_2025_Franc\u00eas_oral<\/a><a href=\"https:\/\/miradouroalfazina.com\/wp-content\/uploads\/2025\/06\/Informa\u00e7\u00e3o_PEF_2025_Franc\u00eas_oral.pdf\" class=\"wp-block-file__button\" download>Descarregar<\/a><\/div>\n\n\n\n<div class=\"wp-block-file\"><a href=\"https:\/\/miradouroalfazina.com\/wp-content\/uploads\/2025\/06\/Informa\u00e7\u00e3o_PEF_Franc\u00eas_2025_escrita.pdf\">Informa\u00e7\u00e3o_PEF_Franc\u00eas_2025_escrita<\/a><a href=\"https:\/\/miradouroalfazina.com\/wp-content\/uploads\/2025\/06\/Informa\u00e7\u00e3o_PEF_Franc\u00eas_2025_escrita.pdf\" class=\"wp-block-file__button\" download>Descarregar<\/a><\/div>\n\n\n\n<hr class=\"wp-block-separator\"\/>\n\n\n\n<p><strong>DEPARTAMENTO DE EXPRESS\u00d5ES<\/strong><\/p>\n\n\n\n<div class=\"wp-block-file\"><a href=\"https:\/\/miradouroalfazina.com\/wp-content\/uploads\/2025\/06\/OFM-3.\u00baCiclo_Modelo_Informa\u00e7\u00e3o_PEF_2025_AEMA.pdf\">OFM-3.\u00baCiclo_Modelo_Informa\u00e7\u00e3o_PEF_2025_AEMA<\/a><a href=\"https:\/\/miradouroalfazina.com\/wp-content\/uploads\/2025\/06\/OFM-3.\u00baCiclo_Modelo_Informa\u00e7\u00e3o_PEF_2025_AEMA.pdf\" class=\"wp-block-file__button\" download>Descarregar<\/a><\/div>\n\n\n\n<div class=\"wp-block-file\"><a href=\"https:\/\/miradouroalfazina.com\/wp-content\/uploads\/2025\/06\/EV_2C_Inf_PEF.pdf\">EV_2C_Inf_PEF<\/a><a href=\"https:\/\/miradouroalfazina.com\/wp-content\/uploads\/2025\/06\/EV_2C_Inf_PEF.pdf\" class=\"wp-block-file__button\" download>Descarregar<\/a><\/div>\n\n\n\n<div class=\"wp-block-file\"><a href=\"https:\/\/miradouroalfazina.com\/wp-content\/uploads\/2025\/06\/Inf_PEF_3\u00ba_C.pdf\">Inf_PEF_3\u00ba_C<\/a><a href=\"https:\/\/miradouroalfazina.com\/wp-content\/uploads\/2025\/06\/Inf_PEF_3\u00ba_C.pdf\" class=\"wp-block-file__button\" download>Descarregar<\/a><\/div>\n\n\n\n<div class=\"wp-block-file\"><a href=\"https:\/\/miradouroalfazina.com\/wp-content\/uploads\/2025\/06\/ET_2\u00baC_Inf_PEF_2025_AEMA.pdf\">ET_2\u00baC_Inf_PEF_2025_AEMA<\/a><a href=\"https:\/\/miradouroalfazina.com\/wp-content\/uploads\/2025\/06\/ET_2\u00baC_Inf_PEF_2025_AEMA.pdf\" class=\"wp-block-file__button\" download>Descarregar<\/a><\/div>\n\n\n\n<div class=\"wp-block-file\"><a href=\"https:\/\/miradouroalfazina.com\/wp-content\/uploads\/2025\/06\/informa\u00e7\u00e3o_PEF_3\u00ba-cicloEF-_-2025.pdf\">informa\u00e7\u00e3o_PEF_3\u00ba-cicloEF-_-2025<\/a><a href=\"https:\/\/miradouroalfazina.com\/wp-content\/uploads\/2025\/06\/informa\u00e7\u00e3o_PEF_3\u00ba-cicloEF-_-2025.pdf\" class=\"wp-block-file__button\" download>Descarregar<\/a><\/div>\n\n\n\n<div class=\"wp-block-file\"><a href=\"https:\/\/miradouroalfazina.com\/wp-content\/uploads\/2025\/06\/Informa\u00e7\u00e3o_PEF_2025_AEMA_EF2C.pdf\">Informa\u00e7\u00e3o_PEF_2025_AEMA_EF2C<\/a><a href=\"https:\/\/miradouroalfazina.com\/wp-content\/uploads\/2025\/06\/Informa\u00e7\u00e3o_PEF_2025_AEMA_EF2C.pdf\" class=\"wp-block-file__button\" download>Descarregar<\/a><\/div>\n\n\n\n<div class=\"wp-block-file\"><a href=\"https:\/\/miradouroalfazina.com\/wp-content\/uploads\/2025\/06\/Inf_Equiv_Freq_EM-2C_2024-25.pdf\">Inf_Equiv_Freq_EM-2C_2024-25<\/a><a href=\"https:\/\/miradouroalfazina.com\/wp-content\/uploads\/2025\/06\/Inf_Equiv_Freq_EM-2C_2024-25.pdf\" class=\"wp-block-file__button\" download>Descarregar<\/a><\/div>\n\n\n\n<hr class=\"wp-block-separator\"\/>\n\n\n\n<p>DEPARTAMENTO DE MATEM\u00c1TICA E CI\u00caNCIAS EXPERIMENTAR <\/p>\n\n\n\n<div class=\"wp-block-file\"><a href=\"https:\/\/miradouroalfazina.com\/wp-content\/uploads\/2025\/06\/Informa\u00e7\u00e3o_PEF_2025-Ci\u00eancias-Naturais-2\u00ba-ciclo-1.pdf\">Informa\u00e7\u00e3o_PEF_2025-Ci\u00eancias-Naturais-2\u00ba-ciclo-1<\/a><a href=\"https:\/\/miradouroalfazina.com\/wp-content\/uploads\/2025\/06\/Informa\u00e7\u00e3o_PEF_2025-Ci\u00eancias-Naturais-2\u00ba-ciclo-1.pdf\" class=\"wp-block-file__button\" download>Descarregar<\/a><\/div>\n\n\n\n<div class=\"wp-block-file\"><a href=\"https:\/\/miradouroalfazina.com\/wp-content\/uploads\/2025\/06\/Informa\u00e7\u00e3o_PEF_CN_3\u00baCiclo_2025-1.pdf\">Informa\u00e7\u00e3o_PEF_CN_3\u00baCiclo_2025-1<\/a><a href=\"https:\/\/miradouroalfazina.com\/wp-content\/uploads\/2025\/06\/Informa\u00e7\u00e3o_PEF_CN_3\u00baCiclo_2025-1.pdf\" class=\"wp-block-file__button\" download>Descarregar<\/a><\/div>\n\n\n\n<div class=\"wp-block-file\"><a href=\"https:\/\/miradouroalfazina.com\/wp-content\/uploads\/2025\/06\/Informa\u00e7\u00e3o_PEF_2025-Matem\u00e1tica-2\u00baciclo-1.pdf\">Informa\u00e7\u00e3o_PEF_2025-Matem\u00e1tica-2\u00baciclo-1<\/a><a href=\"https:\/\/miradouroalfazina.com\/wp-content\/uploads\/2025\/06\/Informa\u00e7\u00e3o_PEF_2025-Matem\u00e1tica-2\u00baciclo-1.pdf\" class=\"wp-block-file__button\" download>Descarregar<\/a><\/div>\n\n\n\n<div class=\"wp-block-file\"><a href=\"https:\/\/miradouroalfazina.com\/wp-content\/uploads\/2025\/06\/IP_PN\u00edvel_Escola_Matem\u00e1tica82.pdf\">IP_PN\u00edvel_Escola_Matem\u00e1tica82<\/a><a href=\"https:\/\/miradouroalfazina.com\/wp-content\/uploads\/2025\/06\/IP_PN\u00edvel_Escola_Matem\u00e1tica82.pdf\" class=\"wp-block-file__button\" download>Descarregar<\/a><\/div>\n\n\n\n<div class=\"wp-block-file\"><a href=\"https:\/\/miradouroalfazina.com\/wp-content\/uploads\/2025\/06\/TIC_2Ciclo_INFO_PEF_2025-1.pdf\">TIC_2Ciclo_INFO_PEF_2025-1<\/a><a href=\"https:\/\/miradouroalfazina.com\/wp-content\/uploads\/2025\/06\/TIC_2Ciclo_INFO_PEF_2025-1.pdf\" class=\"wp-block-file__button\" download>Descarregar<\/a><\/div>\n\n\n\n<div class=\"wp-block-file\"><a href=\"https:\/\/miradouroalfazina.com\/wp-content\/uploads\/2025\/06\/TIC_3Ciclo_INFO_PEF_2025-1.pdf\">TIC_3Ciclo_INFO_PEF_2025-1<\/a><a href=\"https:\/\/miradouroalfazina.com\/wp-content\/uploads\/2025\/06\/TIC_3Ciclo_INFO_PEF_2025-1.pdf\" class=\"wp-block-file__button\" download>Descarregar<\/a><\/div>\n\n\n\n<div class=\"wp-block-file\"><a href=\"https:\/\/miradouroalfazina.com\/wp-content\/uploads\/2025\/06\/IP_PEF_FQ_2025-1.pdf\">IP_PEF_FQ_2025-1<\/a><a href=\"https:\/\/miradouroalfazina.com\/wp-content\/uploads\/2025\/06\/IP_PEF_FQ_2025-1.pdf\" class=\"wp-block-file__button\" download>Descarregar<\/a><\/div>\n","protected":false},"excerpt":{"rendered":"<p>INFORMA\u00c7\u00c3O DE PROVA 1\u00baCICLO DEPARTAMENTO DE CI\u00caNCIAS SOCIAIS E HUMANAS DEPARTAMENTO DE LINGUAS DEPARTAMENTO DE EXPRESS\u00d5ES DEPARTAMENTO DE MATEM\u00c1TICA E CI\u00caNCIAS EXPERIMENTAR<\/p>\n","protected":false},"author":1,"featured_media":0,"parent":0,"menu_order":0,"comment_status":"closed","ping_status":"closed","template":"","meta":{"footnotes":""},"class_list":["post-1753","page","type-page","status-publish","hentry"],"_links":{"self":[{"href":"https:\/\/miradouroalfazina.com\/index.php\/wp-json\/wp\/v2\/pages\/1753","targetHints":{"allow":["GET"]}}],"collection":[{"href":"https:\/\/miradouroalfazina.com\/index.php\/wp-json\/wp\/v2\/pages"}],"about":[{"href":"https:\/\/miradouroalfazina.com\/index.php\/wp-json\/wp\/v2\/types\/page"}],"author":[{"embeddable":true,"href":"https:\/\/miradouroalfazina.com\/index.php\/wp-json\/wp\/v2\/users\/1"}],"replies":[{"embeddable":true,"href":"https:\/\/miradouroalfazina.com\/index.php\/wp-json\/wp\/v2\/comments?post=1753"}],"version-history":[{"count":7,"href":"https:\/\/miradouroalfazina.com\/index.php\/wp-json\/wp\/v2\/pages\/1753\/revisions"}],"predecessor-version":[{"id":1804,"href":"https:\/\/miradouroalfazina.com\/index.php\/wp-json\/wp\/v2\/pages\/1753\/revisions\/1804"}],"wp:attachment":[{"href":"https:\/\/miradouroalfazina.com\/index.php\/wp-json\/wp\/v2\/media?parent=1753"}],"curies":[{"name":"wp","href":"https:\/\/api.w.org\/{rel}","templated":true}]}}