{"id":1821,"date":"2025-09-03T21:54:44","date_gmt":"2025-09-03T21:54:44","guid":{"rendered":"https:\/\/miradouroalfazina.com\/?page_id=1821"},"modified":"2025-09-03T22:04:25","modified_gmt":"2025-09-03T22:04:25","slug":"concursos","status":"publish","type":"page","link":"https:\/\/miradouroalfazina.com\/index.php\/concursos\/","title":{"rendered":"Concursos"},"content":{"rendered":"\n<h1 class=\"wp-block-heading\"><img loading=\"lazy\" decoding=\"async\" src=\"https:\/\/miradouroalfazina.com\/wp-content\/uploads\/2020\/05\/Screenshot-2020-05-05-at-22.44.01-3.png\" alt=\"\" width=\"66\" height=\"39\"><\/h1>\n\n\n\n<h2 class=\"wp-block-heading has-accent-color has-text-color has-link-color wp-elements-ae353eed303d13e43854b29b9bd89146\">LISTA ORDENADA DOCENTES &#8211; GRUPO DE RECRUTAMENTO 520 &#8211; BIOLOGIA E GEOLOGIA<\/h2>\n\n\n\n<div data-wp-interactive=\"core\/file\" class=\"wp-block-file\"><object data-wp-bind--hidden=\"!state.hasPdfPreview\" hidden class=\"wp-block-file__embed\" data=\"https:\/\/miradouroalfazina.com\/wp-content\/uploads\/2025\/09\/Lista_ordenacao_CN-1.pdf\" type=\"application\/pdf\" style=\"width:100%;height:600px\" aria-label=\"Incorpora\u00e7\u00e3o de Lista_ordena\u00e7\u00e3o_CN.\"><\/object><a id=\"wp-block-file--media-6d355fc0-e148-42fa-9db2-b092685fd71a\" href=\"https:\/\/miradouroalfazina.com\/wp-content\/uploads\/2025\/09\/Lista_ordenacao_CN-1.pdf\">Lista_ordena\u00e7\u00e3o_CN<\/a><a href=\"https:\/\/miradouroalfazina.com\/wp-content\/uploads\/2025\/09\/Lista_ordenacao_CN-1.pdf\" class=\"wp-block-file__button wp-element-button\" download aria-describedby=\"wp-block-file--media-6d355fc0-e148-42fa-9db2-b092685fd71a\">Descarregar<\/a><\/div>\n\n\n\n<h2 class=\"wp-block-heading has-accent-color has-text-color has-link-color wp-elements-d2c2a2af1c594fd6580bbda15a9f2d15\">LISTA ORDENADA DOCENTES &#8211; GRUPO DE RECRUTAMENTO 420 &#8211; GEOGRAFIA<\/h2>\n\n\n\n<div data-wp-interactive=\"core\/file\" class=\"wp-block-file\"><object data-wp-bind--hidden=\"!state.hasPdfPreview\" hidden class=\"wp-block-file__embed\" data=\"https:\/\/miradouroalfazina.com\/wp-content\/uploads\/2025\/09\/Lista_ordenacao_GEO-1.pdf\" type=\"application\/pdf\" style=\"width:100%;height:600px\" aria-label=\"Incorpora\u00e7\u00e3o de Lista_ordenacao_GEO.\"><\/object><a id=\"wp-block-file--media-c265d68e-f5bd-4cb6-ac8d-df939277bd84\" href=\"https:\/\/miradouroalfazina.com\/wp-content\/uploads\/2025\/09\/Lista_ordenacao_GEO-1.pdf\">Lista_ordenacao_GEO<\/a><a href=\"https:\/\/miradouroalfazina.com\/wp-content\/uploads\/2025\/09\/Lista_ordenacao_GEO-1.pdf\" class=\"wp-block-file__button wp-element-button\" download aria-describedby=\"wp-block-file--media-c265d68e-f5bd-4cb6-ac8d-df939277bd84\">Descarregar<\/a><\/div>\n","protected":false},"excerpt":{"rendered":"<p>LISTA ORDENADA DOCENTES &#8211; GRUPO DE RECRUTAMENTO 520 &#8211; BIOLOGIA E GEOLOGIA LISTA ORDENADA DOCENTES &#8211; GRUPO DE RECRUTAMENTO 420 &#8211; GEOGRAFIA<\/p>\n","protected":false},"author":1,"featured_media":0,"parent":0,"menu_order":0,"comment_status":"closed","ping_status":"closed","template":"","meta":{"footnotes":""},"class_list":["post-1821","page","type-page","status-publish","hentry"],"_links":{"self":[{"href":"https:\/\/miradouroalfazina.com\/index.php\/wp-json\/wp\/v2\/pages\/1821","targetHints":{"allow":["GET"]}}],"collection":[{"href":"https:\/\/miradouroalfazina.com\/index.php\/wp-json\/wp\/v2\/pages"}],"about":[{"href":"https:\/\/miradouroalfazina.com\/index.php\/wp-json\/wp\/v2\/types\/page"}],"author":[{"embeddable":true,"href":"https:\/\/miradouroalfazina.com\/index.php\/wp-json\/wp\/v2\/users\/1"}],"replies":[{"embeddable":true,"href":"https:\/\/miradouroalfazina.com\/index.php\/wp-json\/wp\/v2\/comments?post=1821"}],"version-history":[{"count":3,"href":"https:\/\/miradouroalfazina.com\/index.php\/wp-json\/wp\/v2\/pages\/1821\/revisions"}],"predecessor-version":[{"id":1827,"href":"https:\/\/miradouroalfazina.com\/index.php\/wp-json\/wp\/v2\/pages\/1821\/revisions\/1827"}],"wp:attachment":[{"href":"https:\/\/miradouroalfazina.com\/index.php\/wp-json\/wp\/v2\/media?parent=1821"}],"curies":[{"name":"wp","href":"https:\/\/api.w.org\/{rel}","templated":true}]}}