{"id":32,"date":"2019-12-08T22:12:19","date_gmt":"2019-12-08T22:12:19","guid":{"rendered":"http:\/\/miradouroalfazina.com\/?page_id=32"},"modified":"2022-10-17T08:13:21","modified_gmt":"2022-10-17T08:13:21","slug":"agrupamento","status":"publish","type":"page","link":"https:\/\/miradouroalfazina.com\/index.php\/agrupamento\/","title":{"rendered":"Dire\u00e7\u00e3o"},"content":{"rendered":"\n<p><strong>\u00d3rg\u00e3os de Gest\u00e3o<\/strong><\/p>\n\n\n\n<p><strong>Diretora:<\/strong> Professora S\u00f3nia Gancho<\/p>\n\n\n\n<p><strong>SubDiretora:<\/strong> Professora Isabel Antunes<\/p>\n\n\n\n<p><strong>Adjunta:<\/strong> Professora Isabel Vaz<\/p>\n\n\n\n<p><strong>Adjunta: <\/strong>Professora Carla Cortez<\/p>\n","protected":false},"excerpt":{"rendered":"<p>\u00d3rg\u00e3os de Gest\u00e3o Diretora: Professora S\u00f3nia Gancho SubDiretora: Professora Isabel Antunes Adjunta: Professora Isabel Vaz Adjunta: Professora Carla Cortez<\/p>\n","protected":false},"author":1,"featured_media":0,"parent":0,"menu_order":0,"comment_status":"closed","ping_status":"closed","template":"","meta":{"footnotes":""},"class_list":["post-32","page","type-page","status-publish","hentry"],"_links":{"self":[{"href":"https:\/\/miradouroalfazina.com\/index.php\/wp-json\/wp\/v2\/pages\/32","targetHints":{"allow":["GET"]}}],"collection":[{"href":"https:\/\/miradouroalfazina.com\/index.php\/wp-json\/wp\/v2\/pages"}],"about":[{"href":"https:\/\/miradouroalfazina.com\/index.php\/wp-json\/wp\/v2\/types\/page"}],"author":[{"embeddable":true,"href":"https:\/\/miradouroalfazina.com\/index.php\/wp-json\/wp\/v2\/users\/1"}],"replies":[{"embeddable":true,"href":"https:\/\/miradouroalfazina.com\/index.php\/wp-json\/wp\/v2\/comments?post=32"}],"version-history":[{"count":4,"href":"https:\/\/miradouroalfazina.com\/index.php\/wp-json\/wp\/v2\/pages\/32\/revisions"}],"predecessor-version":[{"id":1393,"href":"https:\/\/miradouroalfazina.com\/index.php\/wp-json\/wp\/v2\/pages\/32\/revisions\/1393"}],"wp:attachment":[{"href":"https:\/\/miradouroalfazina.com\/index.php\/wp-json\/wp\/v2\/media?parent=32"}],"curies":[{"name":"wp","href":"https:\/\/api.w.org\/{rel}","templated":true}]}}