{"id":76,"date":"2019-12-09T00:23:01","date_gmt":"2019-12-09T00:23:01","guid":{"rendered":"http:\/\/miradouroalfazina.com\/?page_id=76"},"modified":"2025-11-27T09:56:13","modified_gmt":"2025-11-27T09:56:13","slug":"documentacao","status":"publish","type":"page","link":"https:\/\/miradouroalfazina.com\/index.php\/documentacao\/","title":{"rendered":"Documenta\u00e7\u00e3o de Refer\u00eancia"},"content":{"rendered":"\n<hr class=\"wp-block-separator has-css-opacity\"\/>\n\n\n\n<div data-wp-interactive=\"core\/file\" class=\"wp-block-file\"><object data-wp-bind--hidden=\"!state.hasPdfPreview\" hidden class=\"wp-block-file__embed\" data=\"https:\/\/miradouroalfazina.com\/wp-content\/uploads\/2025\/11\/PAA-FINAL.pdf\" type=\"application\/pdf\" style=\"width:100%;height:600px\" aria-label=\"Incorpora\u00e7\u00e3o de PAA FINAL.\"><\/object><a id=\"wp-block-file--media-1fe6a364-cfb4-45ab-970b-a41b8d257eae\" href=\"https:\/\/miradouroalfazina.com\/wp-content\/uploads\/2025\/11\/PAA-FINAL.pdf\">PAA FINAL<\/a><a href=\"https:\/\/miradouroalfazina.com\/wp-content\/uploads\/2025\/11\/PAA-FINAL.pdf\" class=\"wp-block-file__button wp-element-button\" download aria-describedby=\"wp-block-file--media-1fe6a364-cfb4-45ab-970b-a41b8d257eae\">Descarregar<\/a><\/div>\n\n\n\n<div data-wp-interactive=\"core\/file\" class=\"wp-block-file\"><object data-wp-bind--hidden=\"!state.hasPdfPreview\" hidden class=\"wp-block-file__embed\" data=\"https:\/\/miradouroalfazina.com\/wp-content\/uploads\/2025\/09\/RELATORIO-DE-AUTOAVALIACAO-INTERNO_-2024_25.pdf\" type=\"application\/pdf\" style=\"width:100%;height:600px\" aria-label=\"Incorpora\u00e7\u00e3o de RELAT\u00d3RIO DE AUTOAVALIA\u00c7\u00c3O INTERNO_ 2024_25.\"><\/object><a id=\"wp-block-file--media-fb556560-e817-4bc3-8fcd-12a796f4c343\" href=\"https:\/\/miradouroalfazina.com\/wp-content\/uploads\/2025\/09\/RELATORIO-DE-AUTOAVALIACAO-INTERNO_-2024_25.pdf\">RELAT\u00d3RIO DE AUTOAVALIA\u00c7\u00c3O INTERNO_ 2024_25<\/a><a href=\"https:\/\/miradouroalfazina.com\/wp-content\/uploads\/2025\/09\/RELATORIO-DE-AUTOAVALIACAO-INTERNO_-2024_25.pdf\" class=\"wp-block-file__button wp-element-button\" download aria-describedby=\"wp-block-file--media-fb556560-e817-4bc3-8fcd-12a796f4c343\">Descarregar<\/a><\/div>\n\n\n\n<div class=\"wp-block-file\"><a href=\"https:\/\/miradouroalfazina.com\/wp-content\/uploads\/2025\/06\/REQUERIMENTO-PARA-MOBILIZA\u00c7\u00c3O_VERS\u00c3O-FINAL.docx\">REQUERIMENTO-PARA-MOBILIZA\u00c7\u00c3O_VERS\u00c3O-FINAL<\/a><a href=\"https:\/\/miradouroalfazina.com\/wp-content\/uploads\/2025\/06\/REQUERIMENTO-PARA-MOBILIZA\u00c7\u00c3O_VERS\u00c3O-FINAL.docx\" class=\"wp-block-file__button wp-element-button\" download>Descarregar<\/a><\/div>\n\n\n\n<div class=\"wp-block-file\"><a href=\"https:\/\/miradouroalfazina.com\/wp-content\/uploads\/2024\/11\/RELATORIO-DE-AUTOAVALIA\u00c7\u00c3O_2023_24_FINAL-parte-1.pdf\">RELATORIO-DE-AUTOAVALIA\u00c7\u00c3O_2023_24_FINAL-parte-1<\/a><a href=\"https:\/\/miradouroalfazina.com\/wp-content\/uploads\/2024\/11\/RELATORIO-DE-AUTOAVALIA\u00c7\u00c3O_2023_24_FINAL-parte-1.pdf\" class=\"wp-block-file__button wp-element-button\" download>Descarregar<\/a><\/div>\n\n\n\n<div class=\"wp-block-file\"><a href=\"https:\/\/miradouroalfazina.com\/wp-content\/uploads\/2024\/11\/RELATORIO-DE-AUTOAVALIA\u00c7\u00c3O_2023_24_FINAL-parte-2.pdf\">RELATORIO-DE-AUTOAVALIA\u00c7\u00c3O_2023_24_FINAL-parte-2<\/a><a href=\"https:\/\/miradouroalfazina.com\/wp-content\/uploads\/2024\/11\/RELATORIO-DE-AUTOAVALIA\u00c7\u00c3O_2023_24_FINAL-parte-2.pdf\" class=\"wp-block-file__button wp-element-button\" download>Descarregar<\/a><\/div>\n\n\n\n<div class=\"wp-block-file\"><a href=\"https:\/\/miradouroalfazina.com\/wp-content\/uploads\/2024\/06\/PAA_INTRODU\u00c7\u00c3O_23_24.ultima-vers\u00e3o.pdf\">PAA_INTRODU\u00c7\u00c3O_23_24.ultima-vers\u00e3o<\/a><a href=\"https:\/\/miradouroalfazina.com\/wp-content\/uploads\/2024\/06\/PAA_INTRODU\u00c7\u00c3O_23_24.ultima-vers\u00e3o.pdf\" class=\"wp-block-file__button wp-element-button\" download>Descarregar<\/a><\/div>\n\n\n\n<div class=\"wp-block-file\"><a href=\"https:\/\/miradouroalfazina.com\/wp-content\/uploads\/2023\/06\/RELATORIO-DE-AUTOAVALI-A\u00c7\u00c3O_2021_22_FINAL-parte-1.pdf\">RELATORIO-DE-AUTOAVALI-A\u00c7\u00c3O_2021_22_FINAL-parte-1<\/a><a href=\"https:\/\/miradouroalfazina.com\/wp-content\/uploads\/2023\/06\/RELATORIO-DE-AUTOAVALI-A\u00c7\u00c3O_2021_22_FINAL-parte-1.pdf\" class=\"wp-block-file__button wp-element-button\" download>Descarregar<\/a><\/div>\n\n\n\n<div class=\"wp-block-file\"><a href=\"https:\/\/miradouroalfazina.com\/wp-content\/uploads\/2023\/06\/RELATORIO-DE-AUTOAVALI-A\u00c7\u00c3O_2021_22_FINAL-parte-2.pdf\">RELATORIO-DE-AUTOAVALI-A\u00c7\u00c3O_2021_22_FINAL-parte-2<\/a><a href=\"https:\/\/miradouroalfazina.com\/wp-content\/uploads\/2023\/06\/RELATORIO-DE-AUTOAVALI-A\u00c7\u00c3O_2021_22_FINAL-parte-2.pdf\" class=\"wp-block-file__button wp-element-button\" download>Descarregar<\/a><\/div>\n\n\n\n<div class=\"wp-block-file\"><a href=\"https:\/\/miradouroalfazina.com\/wp-content\/uploads\/2021\/12\/PAA_FINAL19_20.pdf\">PAA_FINAL19_20<\/a><a href=\"https:\/\/miradouroalfazina.com\/wp-content\/uploads\/2021\/12\/PAA_FINAL19_20.pdf\" class=\"wp-block-file__button wp-element-button\" download>Descarregar<\/a><\/div>\n\n\n\n<div class=\"wp-block-file\"><a href=\"https:\/\/miradouroalfazina.com\/wp-content\/uploads\/2021\/12\/PAA_FINAL21_22.pdf\">PAA_FINAL21_22<\/a><a href=\"https:\/\/miradouroalfazina.com\/wp-content\/uploads\/2021\/12\/PAA_FINAL21_22.pdf\" class=\"wp-block-file__button wp-element-button\" download>Descarregar<\/a><\/div>\n\n\n\n<div class=\"wp-block-file\"><a href=\"https:\/\/miradouroalfazina.com\/wp-content\/uploads\/2022\/01\/Relat\u00f3rio-de-Execu\u00e7\u00e3o-do-Plano-Anual-de-Atividades-2019-20.pdf\">Relat\u00f3rio-de-Execu\u00e7\u00e3o-do-Plano-Anual-de-Atividades-2019-20<\/a><a href=\"https:\/\/miradouroalfazina.com\/wp-content\/uploads\/2022\/01\/Relat\u00f3rio-de-Execu\u00e7\u00e3o-do-Plano-Anual-de-Atividades-2019-20.pdf\" class=\"wp-block-file__button wp-element-button\" download>Descarregar<\/a><\/div>\n\n\n\n<div class=\"wp-block-file\"><a href=\"https:\/\/miradouroalfazina.com\/wp-content\/uploads\/2021\/12\/PADDE_AEMA_julho_2021.pdf\">PADDE_AEMA_julho_2021<\/a><a href=\"https:\/\/miradouroalfazina.com\/wp-content\/uploads\/2021\/12\/PADDE_AEMA_julho_2021.pdf\" class=\"wp-block-file__button wp-element-button\" download>Descarregar<\/a><\/div>\n\n\n\n<div class=\"wp-block-file\"><a href=\"https:\/\/miradouroalfazina.com\/wp-content\/uploads\/2021\/12\/PLANO-ESTRAT\u00c9GICO-DE-CIDADANIA_2021-22_MAIS-COMPLETO.pdf\">PLANO-ESTRAT\u00c9GICO-DE-CIDADANIA_2021-22<\/a><a href=\"https:\/\/miradouroalfazina.com\/wp-content\/uploads\/2021\/12\/PLANO-ESTRAT\u00c9GICO-DE-CIDADANIA_2021-22_MAIS-COMPLETO.pdf\" class=\"wp-block-file__button wp-element-button\" download>Descarregar<\/a><\/div>\n\n\n\n<div class=\"wp-block-file\"><a href=\"https:\/\/miradouroalfazina.com\/wp-content\/uploads\/2021\/12\/RELAT\u00d3RIO-PRELIMINAR-DE-AUTOAVALIA\u00c7\u00c3O_FORMATADO_FINAL.docx.pdf\">RELAT\u00d3RIO-PRELIMINAR-DE-AUTOAVALIA\u00c7\u00c3O.docx<\/a><a href=\"https:\/\/miradouroalfazina.com\/wp-content\/uploads\/2021\/12\/RELAT\u00d3RIO-PRELIMINAR-DE-AUTOAVALIA\u00c7\u00c3O_FORMATADO_FINAL.docx.pdf\" class=\"wp-block-file__button wp-element-button\" download>Descarregar<\/a><\/div>\n\n\n\n<div class=\"wp-block-file\"><a href=\"https:\/\/miradouroalfazina.com\/wp-content\/uploads\/2021\/12\/RELAT\u00d3RIO-DE-AUTOAVALIA\u00c7\u00c3O_2020_21_vers\u00e3o-final.pdf\">RELAT\u00d3RIO-DE-AUTOAVALIA\u00c7\u00c3O_2020_21<\/a><a href=\"https:\/\/miradouroalfazina.com\/wp-content\/uploads\/2021\/12\/RELAT\u00d3RIO-DE-AUTOAVALIA\u00c7\u00c3O_2020_21_vers\u00e3o-final.pdf\" class=\"wp-block-file__button wp-element-button\" download>Descarregar<\/a><\/div>\n\n\n\n<div class=\"wp-block-file\"><a href=\"https:\/\/miradouroalfazina.com\/wp-content\/uploads\/2021\/12\/PEE-2021-2023.pdf\">PROJETO EDUCATIVO TEIP-2021-2023<\/a><a href=\"https:\/\/miradouroalfazina.com\/wp-content\/uploads\/2021\/12\/PEE-2021-2023.pdf\" class=\"wp-block-file__button wp-element-button\" download>Descarregar<\/a><\/div>\n\n\n\n<div class=\"wp-block-file\"><a href=\"https:\/\/miradouroalfazina.com\/wp-content\/uploads\/2022\/01\/PLANO-ESCOLA-21-23-ALFAZINA_FINAL-1.pdf\">PLANO-ESTRAT\u00c9GIO DE RECUPERA\u00c7\u00c3O DE APRENDIZAGENS 21-23 ESCOLA+<\/a><a href=\"https:\/\/miradouroalfazina.com\/wp-content\/uploads\/2022\/01\/PLANO-ESCOLA-21-23-ALFAZINA_FINAL-1.pdf\" class=\"wp-block-file__button wp-element-button\" download>Descarregar<\/a><\/div>\n\n\n\n<div class=\"wp-block-file\"><a href=\"https:\/\/miradouroalfazina.com\/wp-content\/uploads\/2022\/01\/GUI\u00c3O-PARA-O-E@A-2020.pdf\">GUI\u00c3O-PARA-O-E@A-2020<\/a><a href=\"https:\/\/miradouroalfazina.com\/wp-content\/uploads\/2022\/01\/GUI\u00c3O-PARA-O-E@A-2020.pdf\" class=\"wp-block-file__button wp-element-button\" download>Descarregar<\/a><\/div>\n\n\n\n<div class=\"wp-block-file\"><a href=\"https:\/\/miradouroalfazina.com\/wp-content\/uploads\/2022\/01\/GUI\u00c3O-PARA-O-E@A-2021.pdf\">GUI\u00c3O-PARA-O-E@A-2021<\/a><a href=\"https:\/\/miradouroalfazina.com\/wp-content\/uploads\/2022\/01\/GUI\u00c3O-PARA-O-E@A-2021.pdf\" class=\"wp-block-file__button wp-element-button\" download>Descarregar<\/a><\/div>\n\n\n\n<div class=\"wp-block-file\"><a href=\"https:\/\/miradouroalfazina.com\/wp-content\/uploads\/2023\/12\/1.pdf\">RELATORIO-DE-AUTOAVALIA\u00c7\u00c3O_2022_23_FINAL-parte-1<\/a><a href=\"https:\/\/miradouroalfazina.com\/wp-content\/uploads\/2023\/12\/1.pdf\" class=\"wp-block-file__button wp-element-button\" download>Descarregar<\/a><\/div>\n\n\n\n<div class=\"wp-block-file\"><a href=\"https:\/\/miradouroalfazina.com\/wp-content\/uploads\/2023\/12\/2.pdf\">RELATORIO-DE-AUTOAVALIA\u00c7\u00c3O_2022_23_FINAL-parte-2<\/a><a href=\"https:\/\/miradouroalfazina.com\/wp-content\/uploads\/2023\/12\/2.pdf\" class=\"wp-block-file__button wp-element-button\" download>Descarregar<\/a><\/div>\n\n\n\n<div class=\"wp-block-file\"><a href=\"https:\/\/miradouroalfazina.com\/wp-content\/uploads\/2024\/09\/CRIT\u00c9RIOS-GERAIS-AVALIA\u00c7\u00c3O.pdf\">CRIT\u00c9RIOS-GERAIS-AVALIA\u00c7\u00c3O<\/a><a href=\"https:\/\/miradouroalfazina.com\/wp-content\/uploads\/2024\/09\/CRIT\u00c9RIOS-GERAIS-AVALIA\u00c7\u00c3O.pdf\" class=\"wp-block-file__button wp-element-button\" download>Descarregar<\/a><\/div>\n\n\n\n<div class=\"wp-block-file\"><a href=\"https:\/\/miradouroalfazina.com\/wp-content\/uploads\/2025\/05\/RI_REVISTO-E-FORMATADO-2025.pdf\">REGULAMENTO INTERNO REVISTO 2024\/2025<\/a><a href=\"https:\/\/miradouroalfazina.com\/wp-content\/uploads\/2025\/05\/RI_REVISTO-E-FORMATADO-2025.pdf\" class=\"wp-block-file__button wp-element-button\" download>Descarregar<\/a><\/div>\n\n\n\n<div class=\"wp-block-file\"><a href=\"https:\/\/miradouroalfazina.com\/wp-content\/uploads\/2025\/05\/PAA-2024-25_CP_CG.pdf\">PLANO ANUAL DE ATIVIDADES 2024\/2025<\/a><a href=\"https:\/\/miradouroalfazina.com\/wp-content\/uploads\/2025\/05\/PAA-2024-25_CP_CG.pdf\" class=\"wp-block-file__button wp-element-button\" download>Descarregar<\/a><\/div>\n","protected":false},"excerpt":{"rendered":"","protected":false},"author":1,"featured_media":0,"parent":0,"menu_order":0,"comment_status":"closed","ping_status":"closed","template":"","meta":{"footnotes":""},"class_list":["post-76","page","type-page","status-publish","hentry"],"_links":{"self":[{"href":"https:\/\/miradouroalfazina.com\/index.php\/wp-json\/wp\/v2\/pages\/76","targetHints":{"allow":["GET"]}}],"collection":[{"href":"https:\/\/miradouroalfazina.com\/index.php\/wp-json\/wp\/v2\/pages"}],"about":[{"href":"https:\/\/miradouroalfazina.com\/index.php\/wp-json\/wp\/v2\/types\/page"}],"author":[{"embeddable":true,"href":"https:\/\/miradouroalfazina.com\/index.php\/wp-json\/wp\/v2\/users\/1"}],"replies":[{"embeddable":true,"href":"https:\/\/miradouroalfazina.com\/index.php\/wp-json\/wp\/v2\/comments?post=76"}],"version-history":[{"count":23,"href":"https:\/\/miradouroalfazina.com\/index.php\/wp-json\/wp\/v2\/pages\/76\/revisions"}],"predecessor-version":[{"id":1852,"href":"https:\/\/miradouroalfazina.com\/index.php\/wp-json\/wp\/v2\/pages\/76\/revisions\/1852"}],"wp:attachment":[{"href":"https:\/\/miradouroalfazina.com\/index.php\/wp-json\/wp\/v2\/media?parent=76"}],"curies":[{"name":"wp","href":"https:\/\/api.w.org\/{rel}","templated":true}]}}